{"id":104,"date":"2014-05-02T12:47:14","date_gmt":"2014-05-02T11:47:14","guid":{"rendered":"http:\/\/wordpress.ubi.pt\/marioraposo\/?page_id=104"},"modified":"2020-07-10T15:41:07","modified_gmt":"2020-07-10T14:41:07","slug":"ensino","status":"publish","type":"page","link":"https:\/\/marioraposo.ubi.pt\/?page_id=104","title":{"rendered":""},"content":{"rendered":"<p><a href=\"https:\/\/marioraposo.ubi.pt\/?page_id=23\" target=\"_blank\" rel=\"noopener noreferrer\">Atividades pedag\u00f3gicas<\/a><\/p>\n<p><a href=\"https:\/\/marioraposo.ubi.pt\/?page_id=44\" target=\"_blank\" rel=\"noopener noreferrer\">Orienta\u00e7\u00e3o de disserta\u00e7\u00f5es de mestrado<\/a><\/p>\n<p><a href=\"https:\/\/marioraposo.ubi.pt\/?page_id=41\" target=\"_blank\" rel=\"noopener noreferrer\">Orienta\u00e7\u00e3o de teses de doutoramento<\/a><\/p>\n","protected":false},"excerpt":{"rendered":"<p>Atividades pedag\u00f3gicas Orienta\u00e7\u00e3o de disserta\u00e7\u00f5es de mestrado Orienta\u00e7\u00e3o de teses de doutoramento<\/p>\n","protected":false},"author":3,"featured_media":0,"parent":0,"menu_order":0,"comment_status":"closed","ping_status":"closed","template":"","meta":[],"_links":{"self":[{"href":"https:\/\/marioraposo.ubi.pt\/index.php?rest_route=\/wp\/v2\/pages\/104"}],"collection":[{"href":"https:\/\/marioraposo.ubi.pt\/index.php?rest_route=\/wp\/v2\/pages"}],"about":[{"href":"https:\/\/marioraposo.ubi.pt\/index.php?rest_route=\/wp\/v2\/types\/page"}],"author":[{"embeddable":true,"href":"https:\/\/marioraposo.ubi.pt\/index.php?rest_route=\/wp\/v2\/users\/3"}],"replies":[{"embeddable":true,"href":"https:\/\/marioraposo.ubi.pt\/index.php?rest_route=%2Fwp%2Fv2%2Fcomments&post=104"}],"version-history":[{"count":5,"href":"https:\/\/marioraposo.ubi.pt\/index.php?rest_route=\/wp\/v2\/pages\/104\/revisions"}],"predecessor-version":[{"id":986,"href":"https:\/\/marioraposo.ubi.pt\/index.php?rest_route=\/wp\/v2\/pages\/104\/revisions\/986"}],"wp:attachment":[{"href":"https:\/\/marioraposo.ubi.pt\/index.php?rest_route=%2Fwp%2Fv2%2Fmedia&parent=104"}],"curies":[{"name":"wp","href":"https:\/\/api.w.org\/{rel}","templated":true}]}}