{"id":109,"date":"2014-05-02T12:53:42","date_gmt":"2014-05-02T11:53:42","guid":{"rendered":"http:\/\/wordpress.ubi.pt\/marioraposo\/?page_id=109"},"modified":"2020-07-10T15:43:10","modified_gmt":"2020-07-10T14:43:10","slug":"outras-atividades","status":"publish","type":"page","link":"https:\/\/marioraposo.ubi.pt\/?page_id=109","title":{"rendered":""},"content":{"rendered":"<p><a href=\"https:\/\/marioraposo.ubi.pt\/?page_id=74\" target=\"_blank\" rel=\"noopener noreferrer\">Publica\u00e7\u00f5es<\/a><\/p>\n<p><a href=\"https:\/\/marioraposo.ubi.pt\/?page_id=61\" target=\"_blank\" rel=\"noopener noreferrer\">Proceedings em confer\u00eancias<\/a><\/p>\n<p><a href=\"https:\/\/marioraposo.ubi.pt\/?page_id=77\" target=\"_blank\" rel=\"noopener noreferrer\">Confer\u00eancias|Moderador<\/a><\/p>\n<p><a href=\"https:\/\/marioraposo.ubi.pt\/?page_id=55\" target=\"_blank\" rel=\"noopener noreferrer\">Participa\u00e7\u00e3o em j\u00faris<\/a><\/p>\n","protected":false},"excerpt":{"rendered":"<p>Publica\u00e7\u00f5es Proceedings em confer\u00eancias Confer\u00eancias|Moderador Participa\u00e7\u00e3o em j\u00faris<\/p>\n","protected":false},"author":3,"featured_media":0,"parent":0,"menu_order":0,"comment_status":"closed","ping_status":"closed","template":"","meta":[],"_links":{"self":[{"href":"https:\/\/marioraposo.ubi.pt\/index.php?rest_route=\/wp\/v2\/pages\/109"}],"collection":[{"href":"https:\/\/marioraposo.ubi.pt\/index.php?rest_route=\/wp\/v2\/pages"}],"about":[{"href":"https:\/\/marioraposo.ubi.pt\/index.php?rest_route=\/wp\/v2\/types\/page"}],"author":[{"embeddable":true,"href":"https:\/\/marioraposo.ubi.pt\/index.php?rest_route=\/wp\/v2\/users\/3"}],"replies":[{"embeddable":true,"href":"https:\/\/marioraposo.ubi.pt\/index.php?rest_route=%2Fwp%2Fv2%2Fcomments&post=109"}],"version-history":[{"count":6,"href":"https:\/\/marioraposo.ubi.pt\/index.php?rest_route=\/wp\/v2\/pages\/109\/revisions"}],"predecessor-version":[{"id":989,"href":"https:\/\/marioraposo.ubi.pt\/index.php?rest_route=\/wp\/v2\/pages\/109\/revisions\/989"}],"wp:attachment":[{"href":"https:\/\/marioraposo.ubi.pt\/index.php?rest_route=%2Fwp%2Fv2%2Fmedia&parent=109"}],"curies":[{"name":"wp","href":"https:\/\/api.w.org\/{rel}","templated":true}]}}