{"id":165,"date":"2014-05-07T17:25:20","date_gmt":"2014-05-07T16:25:20","guid":{"rendered":"http:\/\/wordpress.ubi.pt\/marioraposo\/?page_id=165"},"modified":"2020-07-10T15:33:18","modified_gmt":"2020-07-10T14:33:18","slug":"contacts","status":"publish","type":"page","link":"https:\/\/marioraposo.ubi.pt\/","title":{"rendered":"Biografia"},"content":{"rendered":"<h6><a href=\"https:\/\/marioraposo.ubi.pt\/?attachment_id=626#main\" rel=\"attachment wp-att-626\"><img loading=\"lazy\" class=\"size-full wp-image-626 alignleft\" src=\"https:\/\/marioraposo.ubi.pt\/wp-content\/uploads\/2020\/06\/108-1.jpg\" alt=\"\" width=\"200\" height=\"200\" srcset=\"https:\/\/marioraposo.ubi.pt\/wp-content\/uploads\/2020\/06\/108-1.jpg 200w, https:\/\/marioraposo.ubi.pt\/wp-content\/uploads\/2020\/06\/108-1-150x150.jpg 150w\" sizes=\"(max-width: 200px) 100vw, 200px\" \/><\/a><\/h6>\n<h6><\/h6>\n<h6><\/h6>\n<h6><\/h6>\n<h4><\/h4>\n<h4><\/h4>\n<h3><span style=\"color: #333333\"><strong>M\u00e1rio Lino Barata Raposo | <\/strong><strong>Full Professor<\/strong><\/span><\/h3>\n<h5 style=\"text-align: left\"><span style=\"color: #333333\">Business and Economics Departament <\/span><\/h5>\n<h5 style=\"text-align: left\"><span style=\"color: #333333\">University of Beira Interior<\/span><\/h5>\n<h5>Email: <a href=\"mailto:mraposo@ubi.pt\">mraposo@ubi.pt<\/a><\/h5>\n<p><a href=\"https:\/\/pt-pt.facebook.com\/mario.raposo.146\" target=\"_blank\" rel=\"attachment noopener wp-att-866 noreferrer\"><img loading=\"lazy\" class=\"size-full wp-image-866 alignleft\" src=\"https:\/\/marioraposo.ubi.pt\/wp-content\/uploads\/2020\/07\/facebook.png\" alt=\"\" width=\"16\" height=\"16\" \/><\/a><\/p>\n<p>&nbsp;<\/p>\n<p>&nbsp;<\/p>\n<p><strong><span style=\"color: #333333;font-family: verdana,sans-serif\"><em>\u00c1reas de Investiga\u00e7\u00e3o:<\/em> <\/span><\/strong><\/p>\n<h6>Entrepreneurship<\/h6>\n<h6>Strategic<\/h6>\n<h6><span style=\"color: #333333\">Marketing<\/span><\/h6>\n<h6><span style=\"color: #333333\">Competitiveness and Innovation<\/span><\/h6>\n<p><strong><span style=\"color: #333333;font-family: verdana,sans-serif\"><em>Publica\u00e7\u00f5es:<\/em><\/span><\/strong><\/p>\n<h6><span style=\"color: #333333\"><a style=\"color: #333333\" href=\"http:\/\/orcid.org\/0000-0001-6213-5355\">ORCID <\/a><\/span><\/h6>\n<h6><span style=\"color: #333333\"><a style=\"color: #333333\" href=\"http:\/\/scholar.google.pt\/citations?user=rZfFzooAAAAJ&amp;hl=pt-PT\">Google Scholar Citations <\/a><\/span><\/h6>\n<h6><span style=\"color: #333333\"><a style=\"color: #333333\" href=\"http:\/\/www.researcherid.com\/rid\/C-8186-2012\">ResearcherID<\/a><\/span><\/h6>\n<address>\u00a0<\/address>\n<address>\u00a0________________________________________________________________________________________________<\/address>\n<h6><a href=\"https:\/\/marioraposo.ubi.pt\/?attachment_id=533\" rel=\"attachment wp-att-533\"><img loading=\"lazy\" class=\"wp-image-533 alignleft\" src=\"https:\/\/marioraposo.ubi.pt\/wp-content\/uploads\/2020\/06\/logo_ubi_vhorizontalA-300x114.jpg\" alt=\"\" width=\"192\" height=\"73\" srcset=\"https:\/\/marioraposo.ubi.pt\/wp-content\/uploads\/2020\/06\/logo_ubi_vhorizontalA-300x114.jpg 300w, https:\/\/marioraposo.ubi.pt\/wp-content\/uploads\/2020\/06\/logo_ubi_vhorizontalA-768x291.jpg 768w, https:\/\/marioraposo.ubi.pt\/wp-content\/uploads\/2020\/06\/logo_ubi_vhorizontalA-960x360.jpg 960w, https:\/\/marioraposo.ubi.pt\/wp-content\/uploads\/2020\/06\/logo_ubi_vhorizontalA.jpg 1000w\" sizes=\"(max-width: 192px) 100vw, 192px\" \/><\/a><\/h6>\n<h5 style=\"text-align: left\"><\/h5>\n<p>&nbsp;<\/p>\n<h6><\/h6>\n<p>&nbsp;<\/p>\n<h6 style=\"text-align: left\"><span style=\"color: #333333\"><a style=\"color: #333333\" href=\"https:\/\/www.ubi.pt\/\">University of Beira Interior<\/a> | <a style=\"color: #333333\" href=\"http:\/\/www.dge.ubi.pt\/default.htm\">Management and Economics Department<\/a><\/span><\/h6>\n<h6 style=\"text-align: left\"><span style=\"color: #333333\">Estrada do Sineiro, Polo &#8211; IV |\u00a0 6200 Covilh\u00e3 | Portugal<\/span><\/h6>\n<h6 style=\"text-align: left\"><span style=\"color: #333333\">Tel.: +351 275 319 600 | Ext: 3839 <\/span><\/h6>\n","protected":false},"excerpt":{"rendered":"<p>M\u00e1rio Lino Barata Raposo | Full Professor Business and Economics Departament University of Beira Interior Email: mraposo@ubi.pt &nbsp; &nbsp; \u00c1reas de Investiga\u00e7\u00e3o: Entrepreneurship Strategic Marketing Competitiveness and Innovation Publica\u00e7\u00f5es: ORCID Google Scholar Citations ResearcherID \u00a0 \u00a0________________________________________________________________________________________________ &nbsp; &nbsp; University of Beira Interior | Management and Economics Department Estrada do Sineiro, Polo &#8211; IV |\u00a0 6200 &#8230; <a title=\"Biografia\" class=\"read-more\" href=\"https:\/\/marioraposo.ubi.pt\/\" aria-label=\"Mais sobre Biografia\">Ler mais<\/a><\/p>\n","protected":false},"author":3,"featured_media":0,"parent":0,"menu_order":0,"comment_status":"closed","ping_status":"closed","template":"","meta":[],"_links":{"self":[{"href":"https:\/\/marioraposo.ubi.pt\/index.php?rest_route=\/wp\/v2\/pages\/165"}],"collection":[{"href":"https:\/\/marioraposo.ubi.pt\/index.php?rest_route=\/wp\/v2\/pages"}],"about":[{"href":"https:\/\/marioraposo.ubi.pt\/index.php?rest_route=\/wp\/v2\/types\/page"}],"author":[{"embeddable":true,"href":"https:\/\/marioraposo.ubi.pt\/index.php?rest_route=\/wp\/v2\/users\/3"}],"replies":[{"embeddable":true,"href":"https:\/\/marioraposo.ubi.pt\/index.php?rest_route=%2Fwp%2Fv2%2Fcomments&post=165"}],"version-history":[{"count":56,"href":"https:\/\/marioraposo.ubi.pt\/index.php?rest_route=\/wp\/v2\/pages\/165\/revisions"}],"predecessor-version":[{"id":968,"href":"https:\/\/marioraposo.ubi.pt\/index.php?rest_route=\/wp\/v2\/pages\/165\/revisions\/968"}],"wp:attachment":[{"href":"https:\/\/marioraposo.ubi.pt\/index.php?rest_route=%2Fwp%2Fv2%2Fmedia&parent=165"}],"curies":[{"name":"wp","href":"https:\/\/api.w.org\/{rel}","templated":true}]}}