{"id":23,"date":"2014-04-06T13:25:59","date_gmt":"2014-04-06T12:25:59","guid":{"rendered":"http:\/\/wordpress.ubi.pt\/marioraposo\/?page_id=23"},"modified":"2020-07-10T15:38:20","modified_gmt":"2020-07-10T14:38:20","slug":"atividades-pedagogicas","status":"publish","type":"page","link":"https:\/\/marioraposo.ubi.pt\/?page_id=23","title":{"rendered":"Atividades Pedag\u00f3gicas"},"content":{"rendered":"<h4><strong>Gradua\u00e7\u00e3o<\/strong><\/h4>\n<ul>\n<li style=\"text-align: justify\">Marketing\u00a0Internacional, dos\u00a0\u00a02<sup>os<\/sup> ciclos em Gest\u00e3o, Marketing e Rela\u00e7\u00f5es Internacionais,2014\/2015;2015\/2016\/2017\/2018\/2019;<\/li>\n<li style=\"text-align: justify\">Marketing Estrat\u00e9gico, da Licenciatura em Marketing da UBI, anos letivos2013\/2014;2014\/2015;2015\/2016\/2017\/2018\/2019\/2020;<\/li>\n<li style=\"text-align: justify\">Marketing Empresarial, da\u00a0Licenciatura em\u00a0Gest\u00e3o \u00a0da UBI, anos letivos 2011\/2012 a 2012\/2013;<\/li>\n<li style=\"text-align: justify\">Marketing I, da\u00a0Licenciatura em Marketing da UBI, anos letivos 2010\/2011 a 2011\/2012;<\/li>\n<li style=\"text-align: justify\">Empreendedorismo, da Licenciatura em Ci\u00eancias Biom\u00e9dicas, anos letivos 2010\/2011 a 2012\/2013;<\/li>\n<li style=\"text-align: justify\">Empreendedorismo, da Licenciatura em Biotecnologia, ano letivo 2011\/2012;<\/li>\n<li style=\"text-align: justify\">Marketing Estrat\u00e9gico,\u00a0\u00a0da\u00a0Licenciatura em Marketing da UBI,\u00a0desde os anos letivos 2005\/2006\u00a0a 2012\/2013;<\/li>\n<li style=\"text-align: justify\">Introdu\u00e7\u00e3o ao Marketing\u00a0da Licenciatura em Marketing da UBI, ano lectivo 2002\/2003 e 2003\/2004;<\/li>\n<li style=\"text-align: justify\">Marketing,\u00a0da Licenciatura em Gest\u00e3o da UBI, nos anos lectivos de 1984\/1985, 1985\/1986, 1986\/1987, 1987\/1988, 1988\/1989, 1991\/1992, 1994\/1995, 1995\/1996, 1996\/1997, 1997\/1998 e 1998\/1999;<\/li>\n<li style=\"text-align: justify\">Planeamento Estrat\u00e9gico\u00a0&#8211; da Licenciatura em Gest\u00e3o da UBI, nos anos lectivos de 1990\/1991 e 1991\/1992;<\/li>\n<li style=\"text-align: justify\">Auditoria e Fiscaliza\u00e7\u00e3o\u00a0&#8211; da Licenciatura em Gest\u00e3o da UBI, nos anos lectivos de 1983\/1984, 1984\/1985, 1985\/1986 e 1987\/1988;<\/li>\n<li style=\"text-align: justify\">Casos Especiais de Contabilidade\u00a0&#8211; da Licenciatura em Gest\u00e3o da UBI, no ano lectivo de 1988\/1989;<\/li>\n<li style=\"text-align: justify\">Fiscalidade\u00a0&#8211; da Licenciatura em Gest\u00e3o da UBI, no ano lectivo de 1988\/1989;<\/li>\n<li style=\"text-align: justify\">Introdu\u00e7\u00e3o \u00e0 Empresa\u00a0&#8211; da Licenciatura em Eng.\u00aa T\u00eaxtil da UBI no ano letivo 1983\/1984.<\/li>\n<\/ul>\n<h4><strong>P\u00f3s gradua\u00e7\u00e3o<\/strong><\/h4>\n<ul>\n<li style=\"text-align: justify\">Gest\u00e3o Estrat\u00e9gica, do\u00a0 3\u00ba ciclo em\u00a0 Gest\u00e3o, no ano letivo 2012\/2013;<\/li>\n<li style=\"text-align: justify\">Internacionaliza\u00e7\u00e3o e Marketing Global, do\u00a0 Doutoramento em Marketing e Estrat\u00e9gia, no ano letivo 2010\/2011; 2011\/2012; 2012\/2013;<\/li>\n<li style=\"text-align: justify\">Empreendedorismo Tecnol\u00f3gico, \u00a0 2\u00ba ciclo em Ci\u00eancias Biom\u00e9dicas e Biotecnologia, nos anos letivos 2011\/2012; 2012\/2013;<\/li>\n<li style=\"text-align: justify\">Organiza\u00e7\u00e3o de Empresas e Empreendedorismo, dos 2\u00bas ciclos em Design Industrial Tecnol\u00f3gico e Engenharia e Gest\u00e3o Industrial, nos anos letivos 2011\/2012; 2012\/2013;<\/li>\n<li style=\"text-align: justify\">Marketing\u00a0Internacional, do\u00a0 2\u00ba ciclo em Gest\u00e3o e Marketing, no ano letivo 2010\/2011; 2011\/2012; 2012\/2013;<\/li>\n<li style=\"text-align: justify\">Marketing\u00a0Internacional, do\u00a0 2\u00ba ciclo em Rela\u00e7\u00f5es Internacionais, no ano letivo 2012\/2013;<\/li>\n<li style=\"text-align: justify\">Teoria de Investiga\u00e7\u00e3o em Marketing, do 3.\u00ba Ciclo Doutoramento em Gest\u00e3o, no ano lectivo 2007\/2008; 2008\/2009;<\/li>\n<li style=\"text-align: justify\">Estrat\u00e9gia e Competitividade, do 2.\u00ba Ciclo de Gest\u00e3o no ano lectivo 2008\/09;<\/li>\n<li style=\"text-align: justify\">Estrat\u00e9gia e Competitividade, do 2.\u00ba Ciclo em Marketing no ano lectivo 2008\/09;<\/li>\n<li style=\"text-align: justify\">Marketing dos Servi\u00e7os de Sa\u00fade, do Mestrado em Gest\u00e3o de Unidades de Sa\u00fade, no ano lectivo de 2006\/2007;<\/li>\n<li style=\"text-align: justify\">Marketing Internacional, do Mestrado em Gest\u00e3o da UBI, em 2005\/06;<\/li>\n<li style=\"text-align: justify\">Estrat\u00e9gia Empresarial, do Mestrado em Ci\u00eancias Econ\u00f3micas da UBI, no ano lectivo 2003\/2004;<\/li>\n<li style=\"text-align: justify\">Estrat\u00e9gia e Competitividade, do Mestrado em Ci\u00eancias Econ\u00f3micas da UBI, no ano lectivo 2002\/2003 e 2004\/2005;<\/li>\n<li style=\"text-align: justify\">Marketing da Sa\u00fade, do Mestrado em Gest\u00e3o de Unidades de Sa\u00fade, no ano lectivo 1998\/1999, 2002\/2003, 2003\/2004 e 2004\/2005;<\/li>\n<li style=\"text-align: justify\">Competitividade Empresarial &#8211; do Mestrado em Gest\u00e3o da UBI, no ano lectivo 1994\/1995 e 1996\/1997, 1999\/2000 e 2001\/2002;<\/li>\n<li style=\"text-align: justify\">Economia e Competitividade, do Mestrado em Ci\u00eancias Econ\u00f3micas da UBI, no ano lectivo 1997\/1998;<\/li>\n<li style=\"text-align: justify\">Gest\u00e3o de Unidades de Sa\u00fade, do Mestrado em Gest\u00e3o de Unidades de Sa\u00fade, no ano lectivo 1998\/1999;<\/li>\n<li style=\"text-align: justify\">Marketing, do Mestrado em Gest\u00e3o da UBI, nos anos lectivos de 1993\/1994, 1994\/1995, 1996\/1997, 1999\/2000 e 2001\/2002.<\/li>\n<\/ul>\n<h4><strong>Outros cursos e forma\u00e7\u00e3o<\/strong><\/h4>\n<ul>\n<li style=\"list-style-type: none\">\n<ul>\n<li style=\"text-align: justify\">M\u00f3dulo de Marketing da Sa\u00fade, no \u00e2mbito da P\u00f3s Gradua\u00e7\u00e3o em Termalismo, Programa Operacional da regi\u00e3o centro, Eixo II, Medida II.8, 2007;<\/li>\n<li style=\"text-align: justify\">M\u00f3dulo de Marketing das Cidades e do Territ\u00f3rio, no \u00e2mbito da P\u00f3s Gradua\u00e7\u00e3o em Marketing Territorial , 1.\u00aa Edi\u00e7\u00e3o, Dezembro\/2005 a Julho\/ 2006;<\/li>\n<li style=\"text-align: justify\">M\u00f3dulo de Marketing das Cidades e do Territ\u00f3rio, no \u00e2mbito da P\u00f3s Gradua\u00e7\u00e3o em Marketing Territorial , 2.\u00aa Edi\u00e7\u00e3o, Junho\/2006 a Dez 2006;<\/li>\n<li style=\"text-align: justify\">M\u00f3dulo de Introdu\u00e7\u00e3o ao Marketing , no \u00e2mbito da P\u00f3s Gradua\u00e7\u00e3o em Marketing Territorial , 1.\u00aa Edi\u00e7\u00e3o, Dez 2005\/Julho 2006;<\/li>\n<li style=\"text-align: justify\">M\u00f3dulo de Estrat\u00e9gia Empresarial (40 horas) no \u00e2mbito do GESTIC, Programa de Forma\u00e7\u00e3o em Gest\u00e3o e Tecnologias de Informa\u00e7\u00e3o e Comunica\u00e7\u00e3o, IEFP, 2006;<\/li>\n<li style=\"text-align: justify\">M\u00f3dulo de Estrat\u00e9gia Empresarial (40 horas) no \u00e2mbito do FORDESQ \u2013 Forma\u00e7\u00e3o para Desempregados Qualificados do IEFP, 2005;<\/li>\n<li style=\"text-align: justify\">M\u00f3dulo de Estrat\u00e9gia Empresarial (40 horas) no \u00e2mbito do FORDESQ \u2013 Forma\u00e7\u00e3o para Desempregados Qualificados do IEFP, 2004;<\/li>\n<li style=\"text-align: justify\">M\u00f3dulo de Gest\u00e3o de Inova\u00e7\u00e3o do Curso de Especializa\u00e7\u00e3o Innovaci\u00f3n y Creatividad &#8211; Introducci\u00f3n a la Gesti\u00f3n M\u00e9dio-Ambiental, desenvolvido pela Universidade de Extremadura\u2013 Centro Universit\u00e1rio de Plasencia (Espanha), em Setembro de 2003.<\/li>\n<\/ul>\n<\/li>\n<\/ul>\n<h4><strong>Outras atividades pedag\u00f3gicas<\/strong><\/h4>\n<ul>\n<li style=\"list-style-type: none\">\n<ul>\n<li style=\"text-align: justify\">Tutor do 1\u00ba Ano da Licenciatura em Marketing, no ano lectivo 2002\/2003;<\/li>\n<li style=\"text-align: justify\">Tutor do 1\u00ba Ano da Licenciatura em Gest\u00e3o, no ano lectivo 2002\/2003;<\/li>\n<li style=\"text-align: justify\">Director da Licenciatura em Marketing, desde Setembro de 2002 a Setembro de 2003;<\/li>\n<li style=\"text-align: justify\">Director do Mestrado em Gest\u00e3o de Unidades de Sa\u00fade, desde Outubro 1998 at\u00e9 Setembro de 2002;<\/li>\n<li style=\"text-align: justify\">Director do Mestrado em Gest\u00e3o, desde 1995 at\u00e9 2004.<\/li>\n<\/ul>\n<\/li>\n<\/ul>\n<p><a title=\"Homepage\" href=\"https:\/\/marioraposo.ubi.pt\/\">Homepage<\/a><\/p>\n","protected":false},"excerpt":{"rendered":"<p>Gradua\u00e7\u00e3o Marketing\u00a0Internacional, dos\u00a0\u00a02os ciclos em Gest\u00e3o, Marketing e Rela\u00e7\u00f5es Internacionais,2014\/2015;2015\/2016\/2017\/2018\/2019; Marketing Estrat\u00e9gico, da Licenciatura em Marketing da UBI, anos letivos2013\/2014;2014\/2015;2015\/2016\/2017\/2018\/2019\/2020; Marketing Empresarial, da\u00a0Licenciatura em\u00a0Gest\u00e3o \u00a0da UBI, anos letivos 2011\/2012 a 2012\/2013; Marketing I, da\u00a0Licenciatura em Marketing da UBI, anos letivos 2010\/2011 a 2011\/2012; Empreendedorismo, da Licenciatura em Ci\u00eancias Biom\u00e9dicas, anos letivos 2010\/2011 a 2012\/2013; Empreendedorismo, &#8230; <a title=\"Atividades Pedag\u00f3gicas\" class=\"read-more\" href=\"https:\/\/marioraposo.ubi.pt\/?page_id=23\" aria-label=\"Mais sobre Atividades Pedag\u00f3gicas\">Ler mais<\/a><\/p>\n","protected":false},"author":3,"featured_media":0,"parent":0,"menu_order":0,"comment_status":"closed","ping_status":"closed","template":"","meta":[],"_links":{"self":[{"href":"https:\/\/marioraposo.ubi.pt\/index.php?rest_route=\/wp\/v2\/pages\/23"}],"collection":[{"href":"https:\/\/marioraposo.ubi.pt\/index.php?rest_route=\/wp\/v2\/pages"}],"about":[{"href":"https:\/\/marioraposo.ubi.pt\/index.php?rest_route=\/wp\/v2\/types\/page"}],"author":[{"embeddable":true,"href":"https:\/\/marioraposo.ubi.pt\/index.php?rest_route=\/wp\/v2\/users\/3"}],"replies":[{"embeddable":true,"href":"https:\/\/marioraposo.ubi.pt\/index.php?rest_route=%2Fwp%2Fv2%2Fcomments&post=23"}],"version-history":[{"count":22,"href":"https:\/\/marioraposo.ubi.pt\/index.php?rest_route=\/wp\/v2\/pages\/23\/revisions"}],"predecessor-version":[{"id":977,"href":"https:\/\/marioraposo.ubi.pt\/index.php?rest_route=\/wp\/v2\/pages\/23\/revisions\/977"}],"wp:attachment":[{"href":"https:\/\/marioraposo.ubi.pt\/index.php?rest_route=%2Fwp%2Fv2%2Fmedia&parent=23"}],"curies":[{"name":"wp","href":"https:\/\/api.w.org\/{rel}","templated":true}]}}