{"id":25,"date":"2014-04-06T13:27:22","date_gmt":"2014-04-06T12:27:22","guid":{"rendered":"http:\/\/wordpress.ubi.pt\/marioraposo\/?page_id=25"},"modified":"2020-07-10T15:36:10","modified_gmt":"2020-07-10T14:36:10","slug":"cargos-e-funcoes","status":"publish","type":"page","link":"https:\/\/marioraposo.ubi.pt\/?page_id=25","title":{"rendered":"Fun\u00e7\u00f5es"},"content":{"rendered":"<ul>\n<li style=\"text-align: justify\">Vice-Reitor \u00c1rea de\u00a0 Gest\u00e3o Financeira e Recursos Humanos da Universidade da Beira Interior, desde Setembro\/2013 a Maio\/2018<\/li>\n<li>Vice-Reitor \u00c1rea de Concursos de Docentes, Atos Acad\u00e9micos e Infraestruturas da Universidade da Beira Interior, desde Maio\/2018<\/li>\n<li><span style=\"color: #000000\">Membro do Conselho de Gest\u00e3o\u00a0 da Universidade da Beira Interior, desde Setembro de 2013<\/span><\/li>\n<li style=\"text-align: justify\">Coordenador do CFIUTE &#8211; Centro de Forma\u00e7\u00e3o Intera\u00e7\u00e3o UBI Tecido Empresarial, desde Setembro de 2013<\/li>\n<li style=\"text-align: justify\">Coordenador do Gabinete de Apoios a Projetos e Investiga\u00e7\u00e3o, desde Setembro\/2013 a Maio\/2018<\/li>\n<li style=\"text-align: justify\">Coordenador da Unidade de Investiga\u00e7\u00e3o NECE- N\u00facleo de Estudos em Ci\u00eancias Empresarias, financiada pela FCT \u2013 Funda\u00e7\u00e3o para a Ci\u00eancia e Tecnologia, desde Outubro de 2007-2013<\/li>\n<\/ul>\n<p><a title=\"Homepage\" href=\"https:\/\/marioraposo.ubi.pt\/\">Homepage<\/a><\/p>\n","protected":false},"excerpt":{"rendered":"<p>Vice-Reitor \u00c1rea de\u00a0 Gest\u00e3o Financeira e Recursos Humanos da Universidade da Beira Interior, desde Setembro\/2013 a Maio\/2018 Vice-Reitor \u00c1rea de Concursos de Docentes, Atos Acad\u00e9micos e Infraestruturas da Universidade da Beira Interior, desde Maio\/2018 Membro do Conselho de Gest\u00e3o\u00a0 da Universidade da Beira Interior, desde Setembro de 2013 Coordenador do CFIUTE &#8211; Centro de Forma\u00e7\u00e3o &#8230; <a title=\"Fun\u00e7\u00f5es\" class=\"read-more\" href=\"https:\/\/marioraposo.ubi.pt\/?page_id=25\" aria-label=\"Mais sobre Fun\u00e7\u00f5es\">Ler mais<\/a><\/p>\n","protected":false},"author":3,"featured_media":0,"parent":0,"menu_order":0,"comment_status":"closed","ping_status":"closed","template":"","meta":[],"_links":{"self":[{"href":"https:\/\/marioraposo.ubi.pt\/index.php?rest_route=\/wp\/v2\/pages\/25"}],"collection":[{"href":"https:\/\/marioraposo.ubi.pt\/index.php?rest_route=\/wp\/v2\/pages"}],"about":[{"href":"https:\/\/marioraposo.ubi.pt\/index.php?rest_route=\/wp\/v2\/types\/page"}],"author":[{"embeddable":true,"href":"https:\/\/marioraposo.ubi.pt\/index.php?rest_route=\/wp\/v2\/users\/3"}],"replies":[{"embeddable":true,"href":"https:\/\/marioraposo.ubi.pt\/index.php?rest_route=%2Fwp%2Fv2%2Fcomments&post=25"}],"version-history":[{"count":23,"href":"https:\/\/marioraposo.ubi.pt\/index.php?rest_route=\/wp\/v2\/pages\/25\/revisions"}],"predecessor-version":[{"id":974,"href":"https:\/\/marioraposo.ubi.pt\/index.php?rest_route=\/wp\/v2\/pages\/25\/revisions\/974"}],"wp:attachment":[{"href":"https:\/\/marioraposo.ubi.pt\/index.php?rest_route=%2Fwp%2Fv2%2Fmedia&parent=25"}],"curies":[{"name":"wp","href":"https:\/\/api.w.org\/{rel}","templated":true}]}}