{"id":41,"date":"2014-04-06T14:27:57","date_gmt":"2014-04-06T13:27:57","guid":{"rendered":"http:\/\/wordpress.ubi.pt\/marioraposo\/?page_id=41"},"modified":"2020-07-21T15:51:58","modified_gmt":"2020-07-21T14:51:58","slug":"doutoramentos-2","status":"publish","type":"page","link":"https:\/\/marioraposo.ubi.pt\/?page_id=41","title":{"rendered":"Orienta\u00e7\u00e3o de teses de doutoramento"},"content":{"rendered":"<p>&nbsp;<\/p>\n<ul>\n<li style=\"text-align: justify\">Co-Orientador da tese de doutoramento <strong>\u201cA satisfa\u00e7\u00e3o dos Alumni dos cursos superiores de Marketing: uma abordagem aos elementos estruturantes da lealdade \u201d, <\/strong>desenvolvida e defendida com sucesso pela Mestre Carolina Santos.2018<\/li>\n<li>Co-Orientador da tese de doutoramento <strong>\u201cFal\u00eancia: Estigma e Descend\u00eancia\u00a0de Empreendedores\u00a0\u201d, <\/strong>desenvolvida e defendida com sucesso pelo Mestre Elifas Junior.2017<\/li>\n<li>Co-Orientador da tese de doutoramento <strong>\u201cO Impacto da Internacionaliza\u00e7\u00e3o no Desempenho das Empresas\u00a0\u201d<\/strong>, desenvolvida e defendida com sucesso pela Mestre Cl\u00e1udia Ribau. 2016<\/li>\n<li style=\"text-align: justify\">Orientador da tese de doutoramento <strong>\u201cThe Influence of Relationships and Culture in Exporting Relations Between Portuguese Companies and Angolan Companies\u00a0\u201d,<\/strong> desenvolvida e defendida com sucesso pela Mestre Gisela Alves.2015<\/li>\n<li style=\"text-align: justify\"><i><\/i>Orientador da tese de doutoramento, \u201c<strong>An\u00e1lise do Processo de Internacionaliza\u00e7\u00e3o das Empresas de Cer\u00e2mica em Portugal: Evid\u00eancias Emp\u00edricas e Vis\u00e3o Critica numa Perspectiva de Marketing\u201d,<\/strong> desenvolvida e defendida com sucesso. Mestre Carlos Jos\u00e9 Sim\u00f5es Viana, em Mar\u00e7o de 2007.<\/li>\n<li style=\"text-align: justify\">Orientador da tese de doutoramento, <strong>\u201cA Sabedoria Organizacional das empresas do sector textil Portugu\u00eas\u201d, <\/strong>desenvolvida e defendida com sucesso.Mestre Paulo Gon\u00e7alves Pinheiro, na Universidade da Beira Interior, em Janeiro de 2007.<\/li>\n<li style=\"text-align: justify\">Orientador da tese de doutoramento <em>\u201c<\/em><strong>Marketing Verde: Uma Aplica\u00e7\u00e3o da Segmenta\u00e7\u00e3o de Mercado aos Consumidores Portugueses<\/strong><strong>\u201d<\/strong> desenvolvida e defendida com sucesso.Lic\u00aa Arminda do Pa\u00e7o, em Novembro de 2005.<\/li>\n<li style=\"text-align: justify\">Orientador da tese de doutoramento, \u201c<strong>A prefer\u00eancia pela marca &#8211; Estudo dos Factores que contribuem para a forma\u00e7\u00e3o da prefer\u00eancia\u201d,<\/strong> desenvolvida e defendida com sucesso.Lic\u00ba Paulo Duarte em Julho de 2005.<\/li>\n<li style=\"text-align: justify\">Orientador da tese de doutoramento, <strong>\u201cOrienta\u00e7\u00e3o para o mercado, orienta\u00e7\u00e3o empreendedora e desempenho nas PME Industriais Portuguesas: Explora\u00e7\u00e3o da Rela\u00e7\u00e3o entre Marketing e Empreendedorismo\u201d,<\/strong> desenvolvida e defendida com sucesso. Lic.\u00ba Ricardo Rodrigues, em Julho de 2005.<\/li>\n<li style=\"text-align: justify\">Orientador da tese de doutoramento, <strong>\u201cCapacidade Inovadora Empresarial &#8211; Estudos dos Factores Impulsionadores e Limitadores nas Empresas Industriais Portuguesas\u201d, <\/strong>desenvolvida e defendida com sucesso. Lic\u00aa Maria Jos\u00e9 Aguilar, em Maio de 2004.<\/li>\n<li style=\"text-align: justify\">Orientador da tese de doutoramento, <strong>\u201cEstudo do Crescimento e Desempenho das Pequenas Empresas: A Influ\u00eancia da Orienta\u00e7\u00e3o Estrat\u00e9gica Empreendedora\u201d, <\/strong>desenvolvida e defendida com sucesso.Lic\u00ba Jo\u00e3o Ferreira, em Maio de 2004.<\/li>\n<li style=\"text-align: justify\">Orientador da tese de doutoramento, \u201c<strong>Uma Abordagem de Marketing \u00e0 Satisfa\u00e7\u00e3o do Aluno no Ensino Universit\u00e1rio P\u00fablico: \u00cdndice, Antecedentes e Consequ\u00eancias\u201d,<\/strong> desenvolvida e defendida com sucesso.Lic\u00aa Helena Alves, em Outubro de 2003.<\/li>\n<li style=\"text-align: justify\">Orientador da tese de doutoramento, <strong>\u201cFontes de Financiamento das PME\u2019s Portuguesas sob a Perspectiva do Lado da Procura\u201d,<\/strong> desenvolvida e defendida com sucesso.Lic\u00aa Z\u00e9lia Serrasqueiro, em Julho de 2001.<\/li>\n<\/ul>\n<p><a title=\"Homepage\" href=\"https:\/\/marioraposo.ubi.pt\/\">Homepage<\/a><\/p>\n","protected":false},"excerpt":{"rendered":"<p>&nbsp; Co-Orientador da tese de doutoramento \u201cA satisfa\u00e7\u00e3o dos Alumni dos cursos superiores de Marketing: uma abordagem aos elementos estruturantes da lealdade \u201d, desenvolvida e defendida com sucesso pela Mestre Carolina Santos.2018 Co-Orientador da tese de doutoramento \u201cFal\u00eancia: Estigma e Descend\u00eancia\u00a0de Empreendedores\u00a0\u201d, desenvolvida e defendida com sucesso pelo Mestre Elifas Junior.2017 Co-Orientador da tese de &#8230; <a title=\"Orienta\u00e7\u00e3o de teses de doutoramento\" class=\"read-more\" href=\"https:\/\/marioraposo.ubi.pt\/?page_id=41\" aria-label=\"Mais sobre Orienta\u00e7\u00e3o de teses de doutoramento\">Ler mais<\/a><\/p>\n","protected":false},"author":3,"featured_media":0,"parent":0,"menu_order":0,"comment_status":"closed","ping_status":"closed","template":"","meta":[],"_links":{"self":[{"href":"https:\/\/marioraposo.ubi.pt\/index.php?rest_route=\/wp\/v2\/pages\/41"}],"collection":[{"href":"https:\/\/marioraposo.ubi.pt\/index.php?rest_route=\/wp\/v2\/pages"}],"about":[{"href":"https:\/\/marioraposo.ubi.pt\/index.php?rest_route=\/wp\/v2\/types\/page"}],"author":[{"embeddable":true,"href":"https:\/\/marioraposo.ubi.pt\/index.php?rest_route=\/wp\/v2\/users\/3"}],"replies":[{"embeddable":true,"href":"https:\/\/marioraposo.ubi.pt\/index.php?rest_route=%2Fwp%2Fv2%2Fcomments&post=41"}],"version-history":[{"count":16,"href":"https:\/\/marioraposo.ubi.pt\/index.php?rest_route=\/wp\/v2\/pages\/41\/revisions"}],"predecessor-version":[{"id":1034,"href":"https:\/\/marioraposo.ubi.pt\/index.php?rest_route=\/wp\/v2\/pages\/41\/revisions\/1034"}],"wp:attachment":[{"href":"https:\/\/marioraposo.ubi.pt\/index.php?rest_route=%2Fwp%2Fv2%2Fmedia&parent=41"}],"curies":[{"name":"wp","href":"https:\/\/api.w.org\/{rel}","templated":true}]}}