{"id":44,"date":"2014-04-06T14:29:42","date_gmt":"2014-04-06T13:29:42","guid":{"rendered":"http:\/\/wordpress.ubi.pt\/marioraposo\/?page_id=44"},"modified":"2020-07-10T15:39:06","modified_gmt":"2020-07-10T14:39:06","slug":"mestrados","status":"publish","type":"page","link":"https:\/\/marioraposo.ubi.pt\/?page_id=44","title":{"rendered":"Orienta\u00e7\u00e3o de Disserta\u00e7\u00f5es de Mestrado"},"content":{"rendered":"<ul>\n<li>Orientador da disserta\u00e7\u00e3o de Mestrado \u201c<strong>A utiliza\u00e7\u00e3o de Networks para o desenvovliento de Borns Globals- Um estudo de caso na Nanovetores\u201d<\/strong> desenvolvida e defendida com sucesso pelo Mestre Joceli Junior. (2018)<\/li>\n<li>\n<div style=\"text-align: justify\">Orientador da disserta\u00e7\u00e3o de Mestrado <strong>&#8220;Estudo de Inten\u00e7\u00f5es de compra de um hidrogel depilat\u00f3rio facial masculino\u201d<\/strong> desenvolvida e defendida com sucesso pelo Mestre Telmo Cunha. (2013).<\/div>\n<\/li>\n<li>\n<div style=\"text-align: justify\">Orientador da disserta\u00e7\u00e3o de Mestrado <strong>\u201cA import\u00e2ncia do Video\u00a0 Projection Mapping no Marketing. Novas Formas de comunicar com o mercado\u201d<\/strong>, desenvolvida e defendida com sucesso pelo Mestre Jo\u00e3o Carlos Tavares. (2013).<\/div>\n<\/li>\n<li>\n<div style=\"text-align: justify\">Orientador da disserta\u00e7\u00e3o de Mestrado <strong>\u201cA internacionaliza\u00e7\u00e3o das empresas do sector de mobili\u00e1rio em Portugal: an\u00e1lise emp\u00edrica no processo de vendas internacionais\u201d,<\/strong> desenvolvida e defendida com sucesso pela Mestre Patr\u00edcia Macedo. (2012).<\/div>\n<\/li>\n<li>\n<div style=\"text-align: justify\">Co-orientador da disserta\u00e7\u00e3o de Mestrado <strong>\u201cWeb City Marketing: an\u00e1lise aos <i>websites<\/i> das cidades m\u00e9dio portuguesas\u201d<\/strong> desenvolvida e defendida com sucesso pelo Mestre Hugo Emanuel. (2012).<\/div>\n<\/li>\n<li>\n<div style=\"text-align: justify\">Orientador da disserta\u00e7\u00e3o de Mestrado <strong>\u201cAs motiva\u00e7\u00f5es que levam as empresas a internacionalizarem-se, o fen\u00f3meno Born Global: estudos de caso sobre tr\u00eas empresas portuguesas\u201d<\/strong> desenvolvida e defendida com sucesso pela Mestre Bruna Almeida. (2012).<\/div>\n<\/li>\n<li>\n<div style=\"text-align: justify\">Orientador da disserta\u00e7\u00e3o de Mestrado, <b>\u201cCoopera\u00e7\u00e3o Universidade \u2013 Empresas: O Caso da Universidade da Beira Interior\u201d, <\/b>desenvolvida e defendida com sucesso pela Lic\u00aa. Dina Batista Pereira, no Mestrado em Gest\u00e3o da UBI. (2007)<\/div>\n<\/li>\n<li>\n<div style=\"text-align: justify\">Orientador da disserta\u00e7\u00e3o de Mestrado, <b>\u201cAs Op\u00e7\u00f5es Estrat\u00e9gicas de Marketing na Ind\u00fastria do Vestu\u00e1rio da Beira Interior\u201d, <\/b>desenvolvida e defendida com sucesso pelo Lic\u00ba. Ant\u00f3nio Coelho, no Mestrado em Gest\u00e3o da UBI, em Novembro de 2004<\/div>\n<\/li>\n<li>\n<div style=\"text-align: justify\">Orientador da disserta\u00e7\u00e3o de Mestrado, <b>\u201cA Aplica\u00e7\u00e3o das Estrat\u00e9gias Gen\u00e9ricas de Porter: O Caso do Sector de Restaura\u00e7\u00e3o na Regi\u00e3o do Minho\u201d, <\/b>desenvolvida e defendida com sucesso pela Lic\u00aa. Carla Alexandra Barbosa Pereira, no Mestrado em Gest\u00e3o da UBI em, Novembro de 2004<\/div>\n<\/li>\n<li>\n<div style=\"text-align: justify\">Orientador da disserta\u00e7\u00e3o de Mestrado \u201c<b>Estrat\u00e9gia e Competitividade do Sector das Rochas Ornamentais na Beira Interior\u201d, <\/b>desenvolvida e defendida com sucesso pelo Lic\u00ba. Jos\u00e9 Carlos Caetano dos Santos, no Mestrado em Gest\u00e3o da UBI, em Maio de 2003<\/div>\n<\/li>\n<li>\n<div style=\"text-align: justify\">Orientador da disserta\u00e7\u00e3o de Mestrado, <b>\u201cAnalisar a Import\u00e2ncia da Inova\u00e7\u00e3o na Competitividade das Organiza\u00e7\u00f5es\u201d, <\/b>desenvolvida e defendida com sucesso pela Lic\u00aa. Lu\u00edsa Margarida Gon\u00e7alves dos Santos, no Mestrado em Gest\u00e3o da UBI, em Julho de 2002.<b><\/b><\/div>\n<\/li>\n<li>\n<div style=\"text-align: justify\">Orientador da disserta\u00e7\u00e3o de Mestrado, <b>\u201cMarketing nas Institui\u00e7\u00f5es de Ensino Superior P\u00fablico\u201d, <\/b>desenvolvida e defendida com sucesso pela Lic\u00aa. Lu\u00edsa Margarida Barata Gomes, no Mestrado em Gest\u00e3o da Universidade do Minho, em Julho de 2002<\/div>\n<\/li>\n<li>\n<div style=\"text-align: justify\">Orientador da disserta\u00e7\u00e3o de Mestrado, <b>\u201cSegmenta\u00e7\u00e3o Comportamental da Popula\u00e7\u00e3o Universit\u00e1ria Relativamente ao Consumo de Vestu\u00e1rio e suas Implica\u00e7\u00f5es para o Com\u00e9rcio Retalhista\u201d, <\/b>desenvolvida e defendida com sucesso pela Lic\u00aa. Arminda do Pa\u00e7o, no Mestrado em Gest\u00e3o da UBI, em Junho de 2002.<b><\/b><\/div>\n<\/li>\n<li>\n<div style=\"text-align: justify\">Orientador da disserta\u00e7\u00e3o de Mestrado, <b>\u201cAn\u00e1lise das Estrat\u00e9gias Competitivas das Empresas T\u00eaxteis Lar do Vale do Ave\u201d<\/b>, desenvolvida e defendida com sucesso pelo Lic\u00ba. S\u00e9rgio Sousa, no Mestrado em Gest\u00e3o da Universidade do Minho, em Fevereiro de 2002.<b><\/b><\/div>\n<\/li>\n<li>\n<div style=\"text-align: justify\">Orientador da disserta\u00e7\u00e3o de Mestrado, <b>\u201cA Qualidade dos Cuidados de Sa\u00fade: Um Estudo sobre a Perspetiva dos Doentes do Centro Hospitalar da Cova da Beira\u201d, <\/b>desenvolvida e defendida com sucesso pelo Lic\u00ba. Ant\u00f3nio Jo\u00e3o dos Reis Rodrigues, do Mestrado em Gest\u00e3o de Unidades de Sa\u00fade da UBI (2001).<b><\/b><\/div>\n<\/li>\n<li>\n<div style=\"text-align: justify\">Orientador da disserta\u00e7\u00e3o de Mestrado, <b>\u201c<\/b><b>A Internacionaliza\u00e7\u00e3o das Empresas Portuguesas: O Caso da Internacionaliza\u00e7\u00e3o com o Brasil\u201d<\/b>, desenvolvida e defendida com sucesso pela Lic\u00aa. Silvana Rosa Bittencourt, no Mestrado em Gest\u00e3o da Universidade do Minho, Outubro de 1999.<b><\/b><\/div>\n<\/li>\n<li>\n<div style=\"text-align: justify\">Orientador da disserta\u00e7\u00e3o de Mestrado, <b>\u201c<\/b><b>A Competitividade do Com\u00e9rcio a Retalho na Regi\u00e3o da Cova da Beira\u201d<\/b>, desenvolvida e defendida com sucesso na UBI, pelo Licenciado Ricardo Jos\u00e9 Ascens\u00e3o Rodrigues, Junho 1999.<b><\/b><\/div>\n<\/li>\n<li>\n<div style=\"text-align: justify\">Orientador da disserta\u00e7\u00e3o de Mestrado, <b>\u201d<\/b><b>Pr\u00e1ticas de Gest\u00e3o de Vendas das Empresas da Beira Interior: Diferen\u00e7as entre Empresas Industriais e Comerciais\u201d<\/b>, desenvolvida e defendida com sucesso na UBI, pelo Licenciado Paulo Alexandre Oliveira Duarte, Junho 1999.<b><\/b><\/div>\n<\/li>\n<li>\n<div style=\"text-align: justify\">Orientador da disserta\u00e7\u00e3o de Mestrado, <b>\u201c<\/b><b>An\u00e1lise da Estrutura de Capital das Empresas e seu Impacto no Desempenho\u201d<\/b>, desenvolvida e defendida com sucesso na UBI, pela Licenciada Maria Jos\u00e9 Aguilar, Junho 1999.<b><\/b><\/div>\n<\/li>\n<li>\n<div style=\"text-align: justify\">Orientador da disserta\u00e7\u00e3o de Mestrado, <b>\u201d<\/b><b>Implica\u00e7\u00f5es da Implementa\u00e7\u00e3o das Novas Tecnologias de Gest\u00e3o, no Planeamento Estrat\u00e9gico das Empresas da Beira Interior\u201d<\/b>, desenvolvida e defendida com sucesso na UBI, pelo Licenciado Paulo Gon\u00e7alves Pinheiro, em Maio de 1999.<b><\/b><\/div>\n<\/li>\n<li>\n<div style=\"text-align: justify\">Orientador da disserta\u00e7\u00e3o de Mestrado, <b>\u201d<\/b><b>O Marketing das Universidades: O Caso da Universidade da Beira Interior\u201d<\/b>, desenvolvida e defendida com sucesso, pela Licenciada Helena Maria Alves Morgado, em Maio de 1999.<b><\/b><\/div>\n<\/li>\n<li>\n<div style=\"text-align: justify\">\u00a0Orientador da disserta\u00e7\u00e3o de Mestrado, <b>\u201c<\/b><b>M\u00e9todos e Pol\u00edticas de Fixa\u00e7\u00e3o de Pre\u00e7os no Sector Vitivin\u00edcola Portugu\u00eas\u201d<\/b>, desenvolvida e defendida com sucesso pelo Lic. Lu\u00eds Sequeira (1997)<\/div>\n<\/li>\n<li>\n<div style=\"text-align: justify\">Orientador da disserta\u00e7\u00e3o de Mestrado,<b> \u201cEstudo e Desenvolvimento de uma Taxonomia de Est\u00e1dios de Ciclo de Vida, Aplic\u00e1vel as Pequenas e M\u00e9dias Empresas da Regi\u00e3o da Beira Interior\u201d<\/b>, desenvolvida e defendida com sucesso pelo Lic. Jo\u00e3o Jos\u00e9 de Matos Ferreira (1997).<\/div>\n<\/li>\n<li>\n<div style=\"text-align: justify\">Orientador da disserta\u00e7\u00e3o de Mestrado, <b>\u201c<\/b><b>Fatores de Sucesso e Insucesso das Empresas Transformadoras do Distrito da Guarda\u201d<\/b>, desenvolvida e defendida com sucesso pela Lic. Ana Oliveira Lan\u00e7a (1996).<\/div>\n<\/li>\n<li>\n<div style=\"text-align: justify\">Orientador da disserta\u00e7\u00e3o de Mestrado, <b>\u201c<\/b><b>Fatores Competitivos e Estrat\u00e9gia Competitiva no Subsector de Lanif\u00edcios Portugu\u00eas\u201d<\/b>, desenvolvida e defendida com sucesso pelo Lic. Nuno Rainha (1996).<\/div>\n<\/li>\n<li>\n<div style=\"text-align: justify\">Orientador da disserta\u00e7\u00e3o de Mestrado, <b>\u201c<\/b><b>O Impacto do Processo de Internacionaliza\u00e7\u00e3o nas Transforma\u00e7\u00f5es Estruturais das Empresas\u201d, <\/b>desenvolvida e defendida com sucesso pela Lic\u00aa. Carla Coutinho (1996).<b><\/b><\/div>\n<\/li>\n<\/ul>\n<div style=\"text-align: justify\"><\/div>\n<p>&nbsp;<\/p>\n<p><a title=\"Homepage\" href=\"https:\/\/marioraposo.ubi.pt\/\">Homepage<\/a><\/p>\n","protected":false},"excerpt":{"rendered":"<p>Orientador da disserta\u00e7\u00e3o de Mestrado \u201cA utiliza\u00e7\u00e3o de Networks para o desenvovliento de Borns Globals- Um estudo de caso na Nanovetores\u201d desenvolvida e defendida com sucesso pelo Mestre Joceli Junior. (2018) Orientador da disserta\u00e7\u00e3o de Mestrado &#8220;Estudo de Inten\u00e7\u00f5es de compra de um hidrogel depilat\u00f3rio facial masculino\u201d desenvolvida e defendida com sucesso pelo Mestre Telmo &#8230; <a title=\"Orienta\u00e7\u00e3o de Disserta\u00e7\u00f5es de Mestrado\" class=\"read-more\" href=\"https:\/\/marioraposo.ubi.pt\/?page_id=44\" aria-label=\"Mais sobre Orienta\u00e7\u00e3o de Disserta\u00e7\u00f5es de Mestrado\">Ler mais<\/a><\/p>\n","protected":false},"author":3,"featured_media":0,"parent":0,"menu_order":0,"comment_status":"closed","ping_status":"closed","template":"","meta":[],"_links":{"self":[{"href":"https:\/\/marioraposo.ubi.pt\/index.php?rest_route=\/wp\/v2\/pages\/44"}],"collection":[{"href":"https:\/\/marioraposo.ubi.pt\/index.php?rest_route=\/wp\/v2\/pages"}],"about":[{"href":"https:\/\/marioraposo.ubi.pt\/index.php?rest_route=\/wp\/v2\/types\/page"}],"author":[{"embeddable":true,"href":"https:\/\/marioraposo.ubi.pt\/index.php?rest_route=\/wp\/v2\/users\/3"}],"replies":[{"embeddable":true,"href":"https:\/\/marioraposo.ubi.pt\/index.php?rest_route=%2Fwp%2Fv2%2Fcomments&post=44"}],"version-history":[{"count":14,"href":"https:\/\/marioraposo.ubi.pt\/index.php?rest_route=\/wp\/v2\/pages\/44\/revisions"}],"predecessor-version":[{"id":980,"href":"https:\/\/marioraposo.ubi.pt\/index.php?rest_route=\/wp\/v2\/pages\/44\/revisions\/980"}],"wp:attachment":[{"href":"https:\/\/marioraposo.ubi.pt\/index.php?rest_route=%2Fwp%2Fv2%2Fmedia&parent=44"}],"curies":[{"name":"wp","href":"https:\/\/api.w.org\/{rel}","templated":true}]}}