{"id":51,"date":"2014-04-14T16:40:33","date_gmt":"2014-04-14T15:40:33","guid":{"rendered":"http:\/\/wordpress.ubi.pt\/marioraposo\/?page_id=51"},"modified":"2020-07-10T15:33:55","modified_gmt":"2020-07-10T14:33:55","slug":"biografia","status":"publish","type":"page","link":"https:\/\/marioraposo.ubi.pt\/?page_id=51","title":{"rendered":"Biografia"},"content":{"rendered":"<p style=\"text-align: justify\"><b>M\u00e1rio Lino Barata Raposo,<\/b> Professor Catedr\u00e1tico do Departamento de Gest\u00e3o e Economia da Universidade da Beira Interior. C\u00e1tedra\u00a0\u00a0na \u00e1rea de Gest\u00e3o, pela Universidade da Beira Interior, em 17 Junho de 2003.\u00a0Em 20 de junho de 2002, Agrega\u00e7\u00e3o\u00a0na \u00e1rea de Gest\u00e3o \u2013 Marketing, tamb\u00e9m pela Universidade da Beira Interior.\u00a0Em 13\u00a0de dezembro de 1994 concluiu o\u00a0Doutoramento\u00a0 em Gest\u00e3o pela mesma Universidade. Em 1990 fez um curso de P\u00f3s Gradua\u00e7\u00e3o\u00a0<em>European Doctoral Programme in Entrepreneurship and Small Business Management<\/em>, na Universidade Aut\u00f3noma de Barcelona, ESPANHA. Em 1988 realizou as Provas de Aptid\u00e3o Cient\u00edfica e Capacidade Pedag\u00f3gica, com a classifica\u00e7\u00e3o de Muito Bom.\u00a0\u00a0 Em 1984 e 1985, efetuou os\u00a0Cursos de P\u00f3s Gradua\u00e7\u00e3o\u00a0em <em>Management of Human Resources: MGT 816<\/em>,\u00a0\u00a0em <em>Accounting Information Systems: ACC 803 da Universidade de Clemson,\u00a0Estados Unidos da Am\u00e9rica. <\/em>\u00c9 Licenciado\u00a0em Gest\u00e3o pelo Instituto Universit\u00e1rio da Beira Interior desde 1982 e\u00a0Bacharel\u00a0em Contabilidade e Administra\u00e7\u00e3o pelo mesmo Instituto desde 1980.<\/p>\n<p style=\"text-align: justify\">A sua atividade profissional desenvolve-se desde 19 na UBI. Atualmente \u00e9 Vice-Reitor da Universidade da Beira Interior, desde setembro de 2013, Investigador na Unidade de Investiga\u00e7\u00e3o <a href=\"http:\/\/www.dge.ubi.pt\/nece_ubi\/\">NECE (N\u00facleo de Estudos em Ci\u00eancias Empresariais<\/a>).<\/p>\n<p style=\"text-align: justify\"><a title=\"Homepage\" href=\"https:\/\/marioraposo.ubi.pt\/\">Homepage<\/a><\/p>\n<p>&nbsp;<\/p>\n","protected":false},"excerpt":{"rendered":"<p>M\u00e1rio Lino Barata Raposo, Professor Catedr\u00e1tico do Departamento de Gest\u00e3o e Economia da Universidade da Beira Interior. C\u00e1tedra\u00a0\u00a0na \u00e1rea de Gest\u00e3o, pela Universidade da Beira Interior, em 17 Junho de 2003.\u00a0Em 20 de junho de 2002, Agrega\u00e7\u00e3o\u00a0na \u00e1rea de Gest\u00e3o \u2013 Marketing, tamb\u00e9m pela Universidade da Beira Interior.\u00a0Em 13\u00a0de dezembro de 1994 concluiu o\u00a0Doutoramento\u00a0 em &#8230; <a title=\"Biografia\" class=\"read-more\" href=\"https:\/\/marioraposo.ubi.pt\/?page_id=51\" aria-label=\"Mais sobre Biografia\">Ler mais<\/a><\/p>\n","protected":false},"author":3,"featured_media":0,"parent":0,"menu_order":0,"comment_status":"closed","ping_status":"closed","template":"","meta":[],"_links":{"self":[{"href":"https:\/\/marioraposo.ubi.pt\/index.php?rest_route=\/wp\/v2\/pages\/51"}],"collection":[{"href":"https:\/\/marioraposo.ubi.pt\/index.php?rest_route=\/wp\/v2\/pages"}],"about":[{"href":"https:\/\/marioraposo.ubi.pt\/index.php?rest_route=\/wp\/v2\/types\/page"}],"author":[{"embeddable":true,"href":"https:\/\/marioraposo.ubi.pt\/index.php?rest_route=\/wp\/v2\/users\/3"}],"replies":[{"embeddable":true,"href":"https:\/\/marioraposo.ubi.pt\/index.php?rest_route=%2Fwp%2Fv2%2Fcomments&post=51"}],"version-history":[{"count":19,"href":"https:\/\/marioraposo.ubi.pt\/index.php?rest_route=\/wp\/v2\/pages\/51\/revisions"}],"predecessor-version":[{"id":971,"href":"https:\/\/marioraposo.ubi.pt\/index.php?rest_route=\/wp\/v2\/pages\/51\/revisions\/971"}],"wp:attachment":[{"href":"https:\/\/marioraposo.ubi.pt\/index.php?rest_route=%2Fwp%2Fv2%2Fmedia&parent=51"}],"curies":[{"name":"wp","href":"https:\/\/api.w.org\/{rel}","templated":true}]}}