{"id":66,"date":"2014-05-02T11:59:59","date_gmt":"2014-05-02T10:59:59","guid":{"rendered":"http:\/\/wordpress.ubi.pt\/marioraposo\/?page_id=66"},"modified":"2020-07-10T15:53:32","modified_gmt":"2020-07-10T14:53:32","slug":"filiacoes","status":"publish","type":"page","link":"https:\/\/marioraposo.ubi.pt\/?page_id=66","title":{"rendered":"Filia\u00e7\u00e3o"},"content":{"rendered":"<h5>Filia\u00e7\u00e3o em Associa\u00e7\u00f5es Cient\u00edficas e Culturais<\/h5>\n<ul>\n<li>S\u00f3cio Fundador da Associa\u00e7\u00e3o Internacional de Marketing P\u00fablico Y N\u00e3o Lucrativo, 2004;<\/li>\n<li>Eleito Vice-Presidente para Portugal, pelo European Council of Small Business Managment para os per\u00edodos (1995-1998), (1999-2001) e (2001-2004) e (2004-2007) (2008-2013);<\/li>\n<li>Membro da APDR \u2013 Associa\u00e7\u00e3o Portuguesa de Desenvolvimento Regional desde 1996;<\/li>\n<li>Membro da APPM \u2013 Associa\u00e7\u00e3o Portuguesa dos Profissionais de Marketing;<\/li>\n<li>Membro da Assembleia da Escola Secund\u00e1ria Campos Melo, em representa\u00e7\u00e3o das institui\u00e7\u00f5es de car\u00e1cter cient\u00edfico;<\/li>\n<li>Membro da Ordem dos Economistas, desde 2005.<\/li>\n<\/ul>\n<p>&nbsp;<\/p>\n<p><a title=\"Homepage\" href=\"https:\/\/marioraposo.ubi.pt\/\">Homepage<\/a><\/p>\n","protected":false},"excerpt":{"rendered":"<p>Filia\u00e7\u00e3o em Associa\u00e7\u00f5es Cient\u00edficas e Culturais S\u00f3cio Fundador da Associa\u00e7\u00e3o Internacional de Marketing P\u00fablico Y N\u00e3o Lucrativo, 2004; Eleito Vice-Presidente para Portugal, pelo European Council of Small Business Managment para os per\u00edodos (1995-1998), (1999-2001) e (2001-2004) e (2004-2007) (2008-2013); Membro da APDR \u2013 Associa\u00e7\u00e3o Portuguesa de Desenvolvimento Regional desde 1996; Membro da APPM \u2013 Associa\u00e7\u00e3o &#8230; <a title=\"Filia\u00e7\u00e3o\" class=\"read-more\" href=\"https:\/\/marioraposo.ubi.pt\/?page_id=66\" aria-label=\"Mais sobre Filia\u00e7\u00e3o\">Ler mais<\/a><\/p>\n","protected":false},"author":3,"featured_media":0,"parent":0,"menu_order":0,"comment_status":"closed","ping_status":"closed","template":"","meta":[],"_links":{"self":[{"href":"https:\/\/marioraposo.ubi.pt\/index.php?rest_route=\/wp\/v2\/pages\/66"}],"collection":[{"href":"https:\/\/marioraposo.ubi.pt\/index.php?rest_route=\/wp\/v2\/pages"}],"about":[{"href":"https:\/\/marioraposo.ubi.pt\/index.php?rest_route=\/wp\/v2\/types\/page"}],"author":[{"embeddable":true,"href":"https:\/\/marioraposo.ubi.pt\/index.php?rest_route=\/wp\/v2\/users\/3"}],"replies":[{"embeddable":true,"href":"https:\/\/marioraposo.ubi.pt\/index.php?rest_route=%2Fwp%2Fv2%2Fcomments&post=66"}],"version-history":[{"count":10,"href":"https:\/\/marioraposo.ubi.pt\/index.php?rest_route=\/wp\/v2\/pages\/66\/revisions"}],"predecessor-version":[{"id":1013,"href":"https:\/\/marioraposo.ubi.pt\/index.php?rest_route=\/wp\/v2\/pages\/66\/revisions\/1013"}],"wp:attachment":[{"href":"https:\/\/marioraposo.ubi.pt\/index.php?rest_route=%2Fwp%2Fv2%2Fmedia&parent=66"}],"curies":[{"name":"wp","href":"https:\/\/api.w.org\/{rel}","templated":true}]}}