{"id":82,"date":"2014-05-02T12:32:22","date_gmt":"2014-05-02T11:32:22","guid":{"rendered":"http:\/\/wordpress.ubi.pt\/marioraposo\/?page_id=82"},"modified":"2020-07-10T16:00:24","modified_gmt":"2020-07-10T15:00:24","slug":"premios","status":"publish","type":"page","link":"https:\/\/marioraposo.ubi.pt\/?page_id=82","title":{"rendered":"Pr\u00e9mios e distin\u00e7\u00f5es"},"content":{"rendered":"<ul style=\"list-style-type: circle\">\n<li style=\"text-align: justify\">(2019): 2018 Best Paper Award Competition, para a comunica\u00e7\u00e3o &#8220;SME internationalization research: Mapping the state of the art&#8221;, em co-autoria com Cl\u00e1udia Ribau, Antr\u00f3nio Moreira e M\u00e1rio Raposo. Canandian Journal of Administrative Sciences.<\/li>\n<li style=\"text-align: justify\">(2018): 8th Iberian Conference on Entrepreneurship &#8211; CIEM, Best Paper Award para a comunica\u00e7\u00e3o \u201cSTEM Entrepreneurial Competencies and Skills of Graduates and PostGraduates in EU Universities Context\u201d, em co-autoria com Arminda do Pa\u00e7o, M\u00e1rio Raposo, Ana Nave e Cristina Fernandes, Salamanca, Espanha, 15-16 de novembro de 2018.<\/li>\n<li style=\"text-align: justify\">\u00a0(2016): Semin\u00e1rio Luso-Espanhol, Men\u00e7\u00e3o Honrosa para a comunica\u00e7\u00e3o \u201cO Impacto do conhecimento no aparecimento do empreendedorismo\u201d, em co-autoria com Cristina Fernandes (UBI), M\u00e1rio Raposo, Ricardo Mogoll\u00f3n, Juan D\u00edaz-Casero, Salamanca, Espanha, 10-11 de novembro de 2016.<\/li>\n<li style=\"text-align: justify\">(2016): 6th Iberian Conference on Entrepreneurship \u2013 CIEM, Men\u00e7\u00e3o Honrosa para a comunica\u00e7\u00e3o \u201cDevelopment of Entrepreneurship Education Programmes for HEI Students: The Lean Start-Up Approach\u201d, em co-autoria com Cristina Fernandes (UBI), M\u00e1rio Raposo, Jo\u00e3o Ferreira e Arminda do Pa\u00e7o, Coru\u00f1a, Espanha, 27-28 de outubro de 2016.<\/li>\n<li style=\"text-align: justify\">(2016) XXIII Jornadas Luso-Espanholas de Gest\u00e3o Cient\u00edfica, Best Paper in the Cooperation Spain-Portugal area, para a comunica\u00e7\u00e3o \u201cDeterminantes of entrepreneurial intentions: an international cross-border study\u201d, em co-autoria com Jos\u00e9 Sanchez-Garcia, Cristina Fernandes e M\u00e1rio Raposo, Idanha-a-Nova &#8211; Caselo Branco, Portugal, 3-6 de fevereiro de 2016.<\/li>\n<li style=\"text-align: justify\">\u00a0(2015): 5th Iberian Conference on Entrepreneurship \u2013 CIEM, Men\u00e7\u00e3o Honrosa para a comunica\u00e7\u00e3o \u201cPreparing an Entrepreneurship Course to ICT Students &#8211; A European University-Business Alliance Project Presentation\u201d, em co-autoria com Arminda do Pa\u00e7o, M\u00e1rio Raposo e Joana Vaz, Oeiras, Portugal, 15-16 de outubro de 2015.<\/li>\n<li style=\"text-align: justify\">(2015): XXV Jornadas Luso-Espanholas de Gest\u00e3o Cient\u00edfica, Honorable Mention in Entrepreneurship area, para a comunica\u00e7\u00e3o \u201cPsychological determinants of entrepreneurial intentions: An international cross-border study\u201d, em co-autoria com Cristina Fernandes, M\u00e1rio Raposo, Jos\u00e9 Sanchez e B. Hernadez-Sanchez, Ourense, Espanha, 4-7 de fevereiro de 2015.<\/li>\n<li style=\"text-align: justify\">(2014): Global Innovation and Knowledge Conference \u2013 GIKA, Best Paper, para a comunica\u00e7\u00e3o \u201cDrivers of Company Innovation Strategies. A Test and Extension of the Tidd and Bessant (2009) Model\u201d, em co-autoria com Cristina Fernandes, Helena Alves e M\u00e1rio Raposo, Valencia, Espanha, 13-16 de julho de 2014.<\/li>\n<li style=\"text-align: justify\">Distin\u00e7\u00e3o pelo seu percurso acad\u00e9mico, como ex\u2013aluno do EUROPEAN DOCTORAL PROGRAMME in Entrepreneurship and Small Business Mangament, pela sua contribui\u00e7\u00e3o para a promo\u00e7\u00e3o e divulga\u00e7\u00e3o do empreendedorismo a n\u00edvel acad\u00e9mico e cientifico. A distin\u00e7\u00e3o foi atribu\u00edda pela Universidade Aut\u00f3noma Barcelona, em 3 de Abril\/2009.<\/li>\n<li style=\"text-align: justify\">(2009) Coordenador do Curso de Empreendedorismo de Base Tecnol\u00f3gica, organizado pelas Universidades de Aveiro, Beira Interior e Coimbra, distinguido com o 2\u00ba lugar, Men\u00e7\u00e3o honrosa na categoria \u00abPromo\u00e7\u00e3o do Empreendedorismo\u00bb da fase portuguesa dos Pr\u00e9mios Europeus de Iniciativa Empresarial, European Enterprise Awards. A distin\u00e7\u00e3o foi anunciada pelo IAPMEI, em cerim\u00f3nia p\u00fablica que se realizou dia 10 de Fevereiro\/2009.<\/li>\n<\/ul>\n<p><a title=\"Homepage\" href=\"https:\/\/marioraposo.ubi.pt\/\">Homepage<\/a><\/p>\n","protected":false},"excerpt":{"rendered":"<p>(2019): 2018 Best Paper Award Competition, para a comunica\u00e7\u00e3o &#8220;SME internationalization research: Mapping the state of the art&#8221;, em co-autoria com Cl\u00e1udia Ribau, Antr\u00f3nio Moreira e M\u00e1rio Raposo. Canandian Journal of Administrative Sciences. (2018): 8th Iberian Conference on Entrepreneurship &#8211; CIEM, Best Paper Award para a comunica\u00e7\u00e3o \u201cSTEM Entrepreneurial Competencies and Skills of Graduates and &#8230; <a title=\"Pr\u00e9mios e distin\u00e7\u00f5es\" class=\"read-more\" href=\"https:\/\/marioraposo.ubi.pt\/?page_id=82\" aria-label=\"Mais sobre Pr\u00e9mios e distin\u00e7\u00f5es\">Ler mais<\/a><\/p>\n","protected":false},"author":3,"featured_media":0,"parent":0,"menu_order":0,"comment_status":"closed","ping_status":"closed","template":"","meta":[],"_links":{"self":[{"href":"https:\/\/marioraposo.ubi.pt\/index.php?rest_route=\/wp\/v2\/pages\/82"}],"collection":[{"href":"https:\/\/marioraposo.ubi.pt\/index.php?rest_route=\/wp\/v2\/pages"}],"about":[{"href":"https:\/\/marioraposo.ubi.pt\/index.php?rest_route=\/wp\/v2\/types\/page"}],"author":[{"embeddable":true,"href":"https:\/\/marioraposo.ubi.pt\/index.php?rest_route=\/wp\/v2\/users\/3"}],"replies":[{"embeddable":true,"href":"https:\/\/marioraposo.ubi.pt\/index.php?rest_route=%2Fwp%2Fv2%2Fcomments&post=82"}],"version-history":[{"count":12,"href":"https:\/\/marioraposo.ubi.pt\/index.php?rest_route=\/wp\/v2\/pages\/82\/revisions"}],"predecessor-version":[{"id":1019,"href":"https:\/\/marioraposo.ubi.pt\/index.php?rest_route=\/wp\/v2\/pages\/82\/revisions\/1019"}],"wp:attachment":[{"href":"https:\/\/marioraposo.ubi.pt\/index.php?rest_route=%2Fwp%2Fv2%2Fmedia&parent=82"}],"curies":[{"name":"wp","href":"https:\/\/api.w.org\/{rel}","templated":true}]}}