{"id":91,"date":"2014-05-02T12:41:28","date_gmt":"2014-05-02T11:41:28","guid":{"rendered":"http:\/\/wordpress.ubi.pt\/marioraposo\/?page_id=91"},"modified":"2020-07-10T15:56:03","modified_gmt":"2020-07-10T14:56:03","slug":"at-extensao-universidtaria","status":"publish","type":"page","link":"https:\/\/marioraposo.ubi.pt\/?page_id=91","title":{"rendered":"Atividades de Extens\u00e3o Universit\u00e1ria"},"content":{"rendered":"<ul>\n<li>Membro da Comiss\u00e3o de Avalia\u00e7\u00e3o Externa &#8211; A3ES para os Cursos de Gest\u00e3o e de Marketing, desde 2011 (participa\u00e7\u00e3o em mais de 32 processos de avalia\u00e7\u00e3o)<\/li>\n<li>Representante da UBI no CIEBI<\/li>\n<li>Representante da UBI no InovCluster<\/li>\n<li>Representante da UBI no Health Cluster Portugal<\/li>\n<\/ul>\n<p>&nbsp;<\/p>\n<p>&nbsp;<\/p>\n<p>&nbsp;<\/p>\n<p>&nbsp;<\/p>\n<p><span style=\"color: #ff0000\"><span style=\"font-family: Segoe UI\">\u00a0<a title=\"Homepage\" href=\"https:\/\/marioraposo.ubi.pt\/\">Homepage<\/a><\/span><\/span><\/p>\n<p>&nbsp;<\/p>\n<p>&nbsp;<\/p>\n<p>&nbsp;<\/p>\n<p>&nbsp;<\/p>\n","protected":false},"excerpt":{"rendered":"<p>Membro da Comiss\u00e3o de Avalia\u00e7\u00e3o Externa &#8211; A3ES para os Cursos de Gest\u00e3o e de Marketing, desde 2011 (participa\u00e7\u00e3o em mais de 32 processos de avalia\u00e7\u00e3o) Representante da UBI no CIEBI Representante da UBI no InovCluster Representante da UBI no Health Cluster Portugal &nbsp; &nbsp; &nbsp; &nbsp; \u00a0Homepage &nbsp; &nbsp; &nbsp; &nbsp;<\/p>\n","protected":false},"author":3,"featured_media":0,"parent":0,"menu_order":0,"comment_status":"closed","ping_status":"closed","template":"","meta":[],"_links":{"self":[{"href":"https:\/\/marioraposo.ubi.pt\/index.php?rest_route=\/wp\/v2\/pages\/91"}],"collection":[{"href":"https:\/\/marioraposo.ubi.pt\/index.php?rest_route=\/wp\/v2\/pages"}],"about":[{"href":"https:\/\/marioraposo.ubi.pt\/index.php?rest_route=\/wp\/v2\/types\/page"}],"author":[{"embeddable":true,"href":"https:\/\/marioraposo.ubi.pt\/index.php?rest_route=\/wp\/v2\/users\/3"}],"replies":[{"embeddable":true,"href":"https:\/\/marioraposo.ubi.pt\/index.php?rest_route=%2Fwp%2Fv2%2Fcomments&post=91"}],"version-history":[{"count":13,"href":"https:\/\/marioraposo.ubi.pt\/index.php?rest_route=\/wp\/v2\/pages\/91\/revisions"}],"predecessor-version":[{"id":1016,"href":"https:\/\/marioraposo.ubi.pt\/index.php?rest_route=\/wp\/v2\/pages\/91\/revisions\/1016"}],"wp:attachment":[{"href":"https:\/\/marioraposo.ubi.pt\/index.php?rest_route=%2Fwp%2Fv2%2Fmedia&parent=91"}],"curies":[{"name":"wp","href":"https:\/\/api.w.org\/{rel}","templated":true}]}}